{"id":3017,"date":"2025-12-03T14:15:45","date_gmt":"2025-12-03T14:15:45","guid":{"rendered":"https:\/\/www.zenrestaurantparis.fr\/?page_id=3017"},"modified":"2025-12-19T15:55:21","modified_gmt":"2025-12-19T15:55:21","slug":"reservation","status":"publish","type":"page","link":"https:\/\/www.zenrestaurantparis.fr\/en\/reservation\/","title":{"rendered":"Reservation"},"content":{"rendered":"<section class=\"bde-section-3017-100 bde-section\">\n  \n  \n\t\n\n\n\n<div class=\"section-container\"><div class=\"bde-div-3017-111 bde-div\">\n  \n  \n\t\n\n\n\n<img decoding=\"async\" class=\"bde-image2-3017-112 bde-image2\" src=\"https:\/\/zenrestaurantparis.fr\/wp-content\/uploads\/2025\/03\/fancy_separator_3.png\" alt=\"Fancy separator 3\" loading=\"lazy\" srcset=\"https:\/\/zenrestaurantparis.fr\/wp-content\/uploads\/2025\/03\/fancy_separator_3.png 1920w, https:\/\/zenrestaurantparis.fr\/wp-content\/uploads\/2025\/03\/fancy_separator_3-300x109.png 300w, https:\/\/zenrestaurantparis.fr\/wp-content\/uploads\/2025\/03\/fancy_separator_3-1024x372.png 1024w, https:\/\/zenrestaurantparis.fr\/wp-content\/uploads\/2025\/03\/fancy_separator_3-768x279.png 768w, https:\/\/zenrestaurantparis.fr\/wp-content\/uploads\/2025\/03\/fancy_separator_3-1536x558.png 1536w\" sizes=\"(max-width: 1920px) 100vw, 1920px\" data-parallax=\"true\">\n<\/div><div class=\"bde-columns-3017-216 bde-columns\"><div class=\"bde-column-3017-217 bde-column\">\n  \n  \n\t\n\n\n\n<div class=\"bde-div-3017-105 bde-div\">\n  \n  \n\t\n\n\n\n<h2 class=\"bde-heading-3017-136 bde-heading\">\nBook your table online\n<\/h2><div class=\"bde-code-block-3017-108 bde-code-block\">\n\n  <iframe loading=\"lazy\" src=\"https:\/\/bookings.zenchef.com\/results?rid=359831&amp;pid=1001\" frameborder=\"0\" scrolling=\"yes\" width=\"100%\" height=\"100%\" style=\"display: block; margin: 0 auto; max-width: 700px; height:900px;\"><\/iframe>\n        \n      \n\n\n<\/div>\n<\/div>\n<\/div><div class=\"bde-column-3017-218 bde-column\">\n  \n  \n\t\n\n\n\n<div class=\"bde-globalblock-3017-213 bde-globalblock\">\n<div class=\"bde-div-3108-100-3108-1 bde-div bde-div-3108-100\">\n  \n  \n\t\n\n\n\n<h2 class=\"bde-heading-3108-101-3108-1 bde-heading bde-heading-3108-101\">\nBook your Omakase menu privately\n<\/h2><div class=\"bde-div-3108-105-3108-1 bde-div bde-div-3108-105\">\n  \n  \n\t\n\n\n\n<div class=\"bde-text-3108-104-3108-1 bde-text bde-text-3108-104\">\nTrust yourself to the chef and savor the unexpected. Book your private Omakase now.\n<\/div><div class=\"bde-button-3108-103-3108-1 bde-button bde-button-3108-103\">\n    \n                                    \n    \n    \n    \n    \n            \n                    \n            \n            \n\n    \n    \n    \n    \n    \n    <a class=\"breakdance-link button-atom button-atom--text bde-button__button\" href=\"https:\/\/www.zenrestaurantparis.fr\/en\/omakase\/\" target=\"_self\" data-type=\"url\"  >\n\n    \n        <span class=\"button-atom__text\">Learn more<\/span>\n\n        \n        \n                <\/a>\n\n    \n\n\n<\/div>\n<\/div><div class=\"bde-code-block-3108-102-3108-1 bde-code-block bde-code-block-3108-102\">\n\n  <!-- FORMULAIRE HTML -->\n <section class=\"form-section\">\n  <div class=\"overlay\"><\/div>\n\n<form id=\"reservation-form\" class=\"my-form\" method=\"POST\" action=\"\">\n  <input type=\"hidden\" name=\"omakase_form\" value=\"1\">\n\n  <!-- Nombre de couverts, Date & Heure -->\n     <div class=\"form-row\">\n  <!-- Nombre de couverts -->\n      <div class=\"form-group\" data-tooltip=\"La privatisation est possible entre 8 \u00e0 30 couverts\">\n        <select name=\"couverts\" required>\n          <option value=\"\" disabled selected>Number of people<\/option>\n          <option value=\"8\">8<\/option>\n          <option value=\"9\">9<\/option>\n  <option value=\"10\">10<\/option>\n          <option value=\"11\">11<\/option>\n          <option value=\"12\">12<\/option>\n  <option value=\"13\">13<\/option>\n          <option value=\"14\">14<\/option>\n          <option value=\"15\">15<\/option>\n  <option value=\"16\">16<\/option>\n          <option value=\"17\">17<\/option>\n          <option value=\"18\">18<\/option>\n  <option value=\"19\">20<\/option>\n          <option value=\"21\">21<\/option>\n          <option value=\"22\">22<\/option>\n  <option value=\"23\">23<\/option>\n          <option value=\"24\">24<\/option>\n          <option value=\"25\">25<\/option>\n            <option value=\"26\">26<\/option>\n          <option value=\"27\">27<\/option>\n  <option value=\"28\">28<\/option>\n          <option value=\"29\">29<\/option>\n          <option value=\"30\">30<\/option>\n        <\/select>\n        <label>Number of people<\/label>\n      <\/div>\n  <!-- Date -->\n    <div class=\"form-group\" data-tooltip=\"Toute privatisation doit \u00eatre r\u00e9serv\u00e9e au minimum une semaine \u00e0 l\u2019avance\">\n      <input type=\"date\" id=\"date\" name=\"date\" required>\n      <label for=\"date\">Date<\/label>\n      <div id=\"date-error\" class=\"error-message\">The date must be at least 7 days after today.<\/div>\n    <\/div>\n    <!-- Heure -->\n    <div class=\"form-group\" data-tooltip=\"S\u00e9lectionnez l'heure de votre r\u00e9servation, entre 19h et 20h\">\n        <select name=\"heure\" id=\"heure\" required>\n          <option value=\"\" disabled selected>Choose a time<\/option>\n          <option value=\"19h\">7pm<\/option>\n          <option value=\"19h30\">7:30 PM<\/option>\n          <option value=\"20h\">8 p.m.<\/option>\n        <\/select>\n        <label for=\"heure\">Hour<\/label>\n    <\/div>\n  <\/div>\n  \n  <!-- Nom Pr\u00e9nom & Email & T\u00e9l\u00e9phone -->\n    <div class=\"form-row\">\n        <!-- Nom & Pr\u00e9nom -->\n      <div class=\"form-group\" data-tooltip=\"Merci d\u2019indiquer votre nom complet\">\n        <input type=\"text\" name=\"nom_prenom\" id=\"nom_prenom\" required placeholder=\" \">\n        <label for=\"nom_prenom\">Name Surname<\/label>\n      <\/div>\n       <!-- Email -->\n      <div class=\"form-group\" data-tooltip=\"Indiquez une adresse e-mail valide\">\n        <input type=\"email\" name=\"email\" id=\"email\" required placeholder=\" \">\n        <label for=\"email\">E-mail<\/label>\n      <\/div>\n       <!-- T\u00e9l\u00e9phone -->\n      <div class=\"form-group\" data-tooltip=\"Votre num\u00e9ro de t\u00e9l\u00e9phone\">\n        <input type=\"tel\" name=\"telephone\" id=\"telephone\" required placeholder=\" \">\n        <label for=\"telephone\">Phone<\/label>\n      <\/div>\n    <\/div>\n\n    <!-- Message -->\n   <label>Message<\/label>\n    <div class=\"form-group\">\n      <textarea name=\"message\" id=\"message\" rows=\"4\" placeholder=\"Comments, preferences or dietary restrictions (optional)\"><\/textarea>\n    <\/div>\n\n    <!-- Checkboxes -->\n    <div class=\"checkbox-group\">\n        <!-- Acompte -->\n  <label class=\"checkbox-wrapper\">\n<input type=\"checkbox\" name=\"acompte\" value=\"oui\" required>\n  <span class=\"asterisk\"><\/span>\n  <span class=\"label-text\">I agree to pay a deposit of 30% to confirm my reservation.<\/span>\n<\/label>\n<!-- CGU -->\n      <label class=\"checkbox-wrapper\">\n  <input type=\"checkbox\" name=\"cgu\" value=\"oui\" required>\n  <span class=\"asterisk\"><\/span>\n  <span class=\"label-text\">I accept the <a href=\"https:\/\/www.zenrestaurantparis.fr\/en\/omakase-privatization-rules\/\" target=\"_blank\" rel=\"noopener noreferrer\">the rules for privatizing Omakase<\/a>as well as the <a href=\"https:\/\/bookings.zenchef.com\/gtc?rid=359831&lang=fr\" target=\"_blank\" rel=\"noopener noreferrer\">general terms of use<\/a>.<\/span>\n<\/label>\n<!-- Optin email -->\n      <label><input type=\"checkbox\" name=\"optin_email\" value=\"oui\"> I would like to receive offers and news from the restaurant by email.<\/label>\n      <!-- Optin sms -->\n      <label><input type=\"checkbox\" name=\"optin_sms\" value=\"oui\"> I would like to receive offers and news from the restaurant via SMS.<\/label>\n      <!-- Fin Etape -->  \n      <label class=\"checkbox-wrapper\">\n  <input type=\"checkbox\" name=\"acompte-24h\" value=\"oui\" required>\n  <span class=\"asterisk\"><\/span>\n  <span class=\"label-text\">I understand that once my request is submitted, I will receive a confirmation email. The deposit request must be paid within 24 hours.<\/span>\n<\/label>\n\n    <\/div>\n\n    <button type=\"submit\">Book your Omakase menu privately<\/button>\n  <input type=\"hidden\" name=\"trp-form-language\" value=\"en\"\/><\/form>\n<\/section>\n    \n   \n      \n<!-- Modal de confirmation -->\n<div id=\"success-modal\" style=\"    display:none;    position: fixed;    top: 0; left: 0; right:0; bottom:0;    background: rgba(0,0,0,0.6);    z-index: 9999;    justify-content: center;    align-items: center;\">\n    <div style=\"        background: white;        padding: 20px 30px;        border-radius: 8px;        max-width: 600px;        text-align: center;        position: relative;    \">\n        <span id=\"modal-close\" style=\"            position: absolute;            top: 10px; right: 15px;            cursor: pointer;            font-weight: bold;            font-size: 18px;        \">\u00d7<\/span>\n        <p id=\"modal-text\"><\/p>\n        <button id=\"modal-button\">I understand, close.<\/button>\n    <\/div>\n<\/div>\n\n<script>\n(function() {\n    const modal = document.getElementById('success-modal');\n    const modalText = document.getElementById('modal-text');\n    const modalButton = document.getElementById('modal-button');\n    const modalClose = document.getElementById('modal-close');\n    if (!modal || !modalText || !modalButton || !modalClose) return;\n\n    \/\/ R\u00e9cup\u00e8re le param\u00e8tre success\n    const params = new URLSearchParams(window.location.search);\n    const success = params.get('success');\n\n    if (success === '1') {\n      modalText.innerHTML = `Merci ! Votre demande de privatisation Omakase <strong>a bien \u00e9t\u00e9 envoy\u00e9e<\/strong>.<br><\/br>Si elle est accept\u00e9e, vous recevrez tr\u00e8s prochainement <strong>un e-mail de confirmation, accompagn\u00e9 de la demande d\u2019un acompte de 30\u202f%, \u00e0 r\u00e9gler dans les 24h<\/strong> pour finaliser la r\u00e9servation.<br><\/br>\u00c0 tr\u00e8s bient\u00f4t !`;\n        modal.style.display = 'flex';\n    } else if (success === '0') {\n        modalText.textContent = \"Une erreur est survenue lors de l'envoi du formulaire. Veuillez r\u00e9essayer.\";\n        modal.style.display = 'flex';\n    }\n\n    \/\/ Fermeture du modal\n    function closeModal() {\n        modal.style.display = 'none';\n        params.delete('success');\n        const url = new URL(window.location);\n        url.searchParams.delete('success');\n        window.history.replaceState({}, document.title, url.toString());\n    }\n\n    modalClose.addEventListener('click', closeModal);\n    modalButton.addEventListener('click', closeModal);\n})();\n<\/script>\n\n\n<\/div>\n<\/div>\n<\/div>\n<\/div><\/div><div class=\"bde-div-3017-114 bde-div\">\n  \n  \n\t\n\n\n\n<img decoding=\"async\" class=\"bde-image2-3017-115 bde-image2\" src=\"https:\/\/zenrestaurantparis.fr\/wp-content\/uploads\/2025\/03\/fancy_separator_3.png\" alt=\"Fancy separator 3\" loading=\"lazy\" srcset=\"https:\/\/zenrestaurantparis.fr\/wp-content\/uploads\/2025\/03\/fancy_separator_3.png 1920w, https:\/\/zenrestaurantparis.fr\/wp-content\/uploads\/2025\/03\/fancy_separator_3-300x109.png 300w, https:\/\/zenrestaurantparis.fr\/wp-content\/uploads\/2025\/03\/fancy_separator_3-1024x372.png 1024w, https:\/\/zenrestaurantparis.fr\/wp-content\/uploads\/2025\/03\/fancy_separator_3-768x279.png 768w, https:\/\/zenrestaurantparis.fr\/wp-content\/uploads\/2025\/03\/fancy_separator_3-1536x558.png 1536w\" sizes=\"(max-width: 1920px) 100vw, 1920px\" data-parallax=\"true\">\n<\/div><\/div>\n<\/section>","protected":false},"excerpt":{"rendered":"<p>Book your table online. Enjoy a private Omakase experience. Trust the chef and savor the unexpected. Book your private Omakase now. Learn more. Number of people: 8 9 10 11 12 13 14 15 16 17 18 20 21 22 23 24 25 26 27 28 29 30 Number of people Date The [\u2026]<\/p>","protected":false},"author":4,"featured_media":0,"parent":0,"menu_order":10,"comment_status":"closed","ping_status":"closed","template":"","meta":{"inline_featured_image":false,"slim_seo":{"title":"ZEN | Reserve your table at our Izakaya","description":"Reserve your table at Zen Restaurant in just a few clicks. Authentic Japanese cuisine in Paris. Open daily from 12:00 PM to 2:30 PM and 7:00 PM to 10:30 PM. No lunchtime reservations."},"_breakdance_hide_in_design_set":false,"_breakdance_tags":"","footnotes":""},"class_list":["post-3017","page","type-page","status-publish","hentry"],"_links":{"self":[{"href":"https:\/\/www.zenrestaurantparis.fr\/en\/wp-json\/wp\/v2\/pages\/3017","targetHints":{"allow":["GET"]}}],"collection":[{"href":"https:\/\/www.zenrestaurantparis.fr\/en\/wp-json\/wp\/v2\/pages"}],"about":[{"href":"https:\/\/www.zenrestaurantparis.fr\/en\/wp-json\/wp\/v2\/types\/page"}],"author":[{"embeddable":true,"href":"https:\/\/www.zenrestaurantparis.fr\/en\/wp-json\/wp\/v2\/users\/4"}],"replies":[{"embeddable":true,"href":"https:\/\/www.zenrestaurantparis.fr\/en\/wp-json\/wp\/v2\/comments?post=3017"}],"version-history":[{"count":0,"href":"https:\/\/www.zenrestaurantparis.fr\/en\/wp-json\/wp\/v2\/pages\/3017\/revisions"}],"wp:attachment":[{"href":"https:\/\/www.zenrestaurantparis.fr\/en\/wp-json\/wp\/v2\/media?parent=3017"}],"curies":[{"name":"wp","href":"https:\/\/api.w.org\/{rel}","templated":true}]}}