{"id":3,"date":"2024-11-01T14:38:39","date_gmt":"2024-11-01T14:38:39","guid":{"rendered":"https:\/\/zenrestaurantparis.fr\/?page_id=3"},"modified":"2026-03-27T13:39:53","modified_gmt":"2026-03-27T13:39:53","slug":"privacy-policy","status":"publish","type":"page","link":"https:\/\/www.zenrestaurantparis.fr\/ja\/privacy-policy\/","title":{"rendered":"\u30d7\u30e9\u30a4\u30d0\u30b7\u30fc\u30dd\u30ea\u30b7\u30fc"},"content":{"rendered":"<h2 class=\"wp-block-heading\">\u00c9diteur de site<\/h2>\r\n\r\n\r\n\r\n<p><b>ZEN 8 (Zen)<\/b><\/p>\r\n<p>8 rue de l&rsquo;\u00e9chelle, 75001 Paris<\/p>\r\n\r\n\r\n\r\n<h2 class=\"wp-block-heading\">Nom du directeur de la publication<\/h2>\r\n\r\n\r\n\r\n<p><b>\u30c1\u30a7\u30f3\u30fb\u30de\u30f3<\/b><\/p>\r\n\r\n\r\n\r\n\r\n\r\n<h2 class=\"wp-block-heading\">Cookies<\/h2>\r\n\r\n\r\n\r\n<p>Ces cookies sont strictement n\u00e9cessaires au bon fonctionnement du Site Internet. Vous pouvez choisir de vous opposer au d\u00e9p\u00f4t de ces cookies en utilisant les param\u00e8tres de votre navigateur.<\/p>\r\n\r\n\r\n\r\n<h2 class=\"wp-block-heading\">Cookies statistiques<\/h2>\r\n\r\n\r\n\r\n<p>Ces cookies mesurent notamment le nombre de visites, le nombre de pages consult\u00e9es ainsi que l\u2019activit\u00e9 des utilisateurs sur le Site Internet. Ils nous permettent de mesurer l\u2019audience du Site Internet pour \u00e9tablir des statistiques de fr\u00e9quentation et d\u2019\u00e9valuer les sources du trafic pour am\u00e9liorer les performances du Site Internet. Vous pouvez choisir de refuser ces cookies statistiques. Nous vous invitons \u00e0 consulter la gestion des cookies Google Analytics sur la page d\u00e9di\u00e9e par Google : https:\/\/support.google.com\/analytics\/answer\/6004245?hl=fr.<\/p>\r\n\r\n\r\n\r\n\r\n\r\n\r\n\r\n\r\n\r\n<h2 class=\"wp-block-heading\">Cookies Facebook<\/h2>\r\n\r\n\r\n\r\n<p>Les cookies nous permettent de pr\u00e9senter des publicit\u00e9s \u00e0 des personnes qui ont d\u00e9j\u00e0 consult\u00e9 notre site web et pour recommander nos services sur la base de cette activit\u00e9. Les cookies nous permettent de limiter le nombre de fois que vous voyez une publicit\u00e9, pour que la m\u00eame publicit\u00e9 ne s\u2019affiche pas encore et encore. Nous utilisons des cookies pour compter le nombre de fois qu\u2019une publicit\u00e9 est diffus\u00e9e et pour calculer le co\u00fbt de ces publicit\u00e9s. Nous utilisons \u00e9galement des cookies pour mesurer la fr\u00e9quence \u00e0 laquelle les gens effectuent certaines actions, comme cliquer sur une publicit\u00e9 ou l\u2019afficher.<\/p>\r\n\r\n\r\n\r\n\r\n\r\n<h2 class=\"wp-block-heading\">Cookies d\u00e9finition<\/h2>\r\n\r\n\r\n\r\n<p>Il s\u2019agit d\u2019un petit fichier enregistr\u00e9 sur les ordinateurs des internautes permettant de sauvegarder leurs pr\u00e9f\u00e9rences ainsi que d\u2019autres informations qui sont utilis\u00e9es sur les pages Web qu\u2019ils consultent.<\/p>\r\n\r\n\r\n\r\n<h2 class=\"wp-block-heading\">Vie Priv\u00e9e \u2013 Protection des donn\u00e9es personnelles<\/h2>\r\n\r\n\r\n\r\n<p>Concernant les informations \u00e0 caract\u00e8re nominatif que vous seriez amen\u00e9s \u00e0 nous communiquer, vous b\u00e9n\u00e9ficiez d\u2019un droit d\u2019acc\u00e8s, de modification, de rectification et\/ou de suppression conform\u00e9ment \u00e0 la loi relative \u00e0 la protection des personnes physiques \u00e0 l\u2019\u00e9gard des traitements de donn\u00e9es \u00e0 caract\u00e8re personnel n\u00b02004-801 du 6 ao\u00fbt 2004. Pour exercer ce droit veuillez adresser un message \u00e0 ZEN 8. Les informations collect\u00e9es font l\u2019objet d\u2019un traitement informatis\u00e9. Chaque internaute dispose d\u2019un droit d\u2019acc\u00e8s, de modification, de rectification et de suppression des donn\u00e9es qui le concernent. (Art. 34 de la loi \u00ab Informatique et Libert\u00e9s \u00bb). Ce droit peut \u00eatre exerc\u00e9 aupr\u00e8s de l\u2019\u00e9tablissement. Les donn\u00e9es \u00e0 caract\u00e8re personnel collect\u00e9es sur ce site sont conserv\u00e9es au maximum jusqu\u2019\u00e0 l\u2019expiration des d\u00e9lais de prescription l\u00e9gaux.<\/p>\r\n\r\n\r\n\r\n\r\n\r\n\r\n\r\n\r\n\r\n\r\n\r\n<p>&nbsp;<\/p>","protected":false},"excerpt":{"rendered":"<p>\u00c9diteur de site ZEN 8 (Zen) 8 rue de l&rsquo;\u00e9chelle, 75001 Paris Nom du directeur de la publication CHEN Man Cookies Ces cookies sont strictement n\u00e9cessaires au bon fonctionnement du Site Internet. Vous pouvez choisir de vous opposer au d\u00e9p\u00f4t de ces cookies en utilisant les param\u00e8tres de votre navigateur. Cookies statistiques Ces cookies mesurent notamment le nombre de visites, le nombre de pages consult\u00e9es ainsi que l\u2019activit\u00e9 des utilisateurs sur le Site Internet. Ils nous permettent de mesurer l\u2019audience du Site Internet pour \u00e9tablir des statistiques de fr\u00e9quentation et d\u2019\u00e9valuer les sources du trafic pour am\u00e9liorer les performances du Site Internet. Vous pouvez choisir de refuser ces cookies statistiques. [&hellip;]<\/p>","protected":false},"author":1,"featured_media":0,"parent":0,"menu_order":18,"comment_status":"closed","ping_status":"open","template":"","meta":{"inline_featured_image":false,"slim_seo":{"title":"Politique de confidentialit\u00e9 - ZEN | Japonais Authentique | Restaurant","description":"\u00c9diteur de site ZEN 8 (Zen) 8 rue de l'\u00e9chelle, 75001 Paris Nom du directeur de la publication CHEN Man Cookies Ces cookies sont strictement n\u00e9cessaires au bon"},"_breakdance_hide_in_design_set":false,"_breakdance_tags":"","footnotes":""},"class_list":["post-3","page","type-page","status-publish","hentry"],"_links":{"self":[{"href":"https:\/\/www.zenrestaurantparis.fr\/ja\/wp-json\/wp\/v2\/pages\/3","targetHints":{"allow":["GET"]}}],"collection":[{"href":"https:\/\/www.zenrestaurantparis.fr\/ja\/wp-json\/wp\/v2\/pages"}],"about":[{"href":"https:\/\/www.zenrestaurantparis.fr\/ja\/wp-json\/wp\/v2\/types\/page"}],"author":[{"embeddable":true,"href":"https:\/\/www.zenrestaurantparis.fr\/ja\/wp-json\/wp\/v2\/users\/1"}],"replies":[{"embeddable":true,"href":"https:\/\/www.zenrestaurantparis.fr\/ja\/wp-json\/wp\/v2\/comments?post=3"}],"version-history":[{"count":0,"href":"https:\/\/www.zenrestaurantparis.fr\/ja\/wp-json\/wp\/v2\/pages\/3\/revisions"}],"wp:attachment":[{"href":"https:\/\/www.zenrestaurantparis.fr\/ja\/wp-json\/wp\/v2\/media?parent=3"}],"curies":[{"name":"wp","href":"https:\/\/api.w.org\/{rel}","templated":true}]}}