{"id":3017,"date":"2025-12-03T14:15:45","date_gmt":"2025-12-03T14:15:45","guid":{"rendered":"https:\/\/www.zenrestaurantparis.fr\/?page_id=3017"},"modified":"2025-12-19T15:55:21","modified_gmt":"2025-12-19T15:55:21","slug":"%e4%ba%88%e7%b4%84","status":"publish","type":"page","link":"https:\/\/www.zenrestaurantparis.fr\/ja\/%e4%ba%88%e7%b4%84\/","title":{"rendered":"\u4e88\u7d04"},"content":{"rendered":"<section class=\"bde-section-3017-100 bde-section\">\n  \n  \n\t\n\n\n\n<div class=\"section-container\"><div class=\"bde-div-3017-111 bde-div\">\n  \n  \n\t\n\n\n\n<img decoding=\"async\" class=\"bde-image2-3017-112 bde-image2\" src=\"https:\/\/zenrestaurantparis.fr\/wp-content\/uploads\/2025\/03\/fancy_separator_3.png\" alt=\"\u30d5\u30a1\u30f3\u30b7\u30fc\u30bb\u30d1\u30ec\u30fc\u30bf\u30fc3\" loading=\"lazy\" srcset=\"https:\/\/zenrestaurantparis.fr\/wp-content\/uploads\/2025\/03\/fancy_separator_3.png 1920w, https:\/\/zenrestaurantparis.fr\/wp-content\/uploads\/2025\/03\/fancy_separator_3-300x109.png 300w, https:\/\/zenrestaurantparis.fr\/wp-content\/uploads\/2025\/03\/fancy_separator_3-1024x372.png 1024w, https:\/\/zenrestaurantparis.fr\/wp-content\/uploads\/2025\/03\/fancy_separator_3-768x279.png 768w, https:\/\/zenrestaurantparis.fr\/wp-content\/uploads\/2025\/03\/fancy_separator_3-1536x558.png 1536w\" sizes=\"(max-width: 1920px) 100vw, 1920px\" data-parallax=\"true\">\n<\/div><div class=\"bde-columns-3017-216 bde-columns\"><div class=\"bde-column-3017-217 bde-column\">\n  \n  \n\t\n\n\n\n<div class=\"bde-div-3017-105 bde-div\">\n  \n  \n\t\n\n\n\n<h2 class=\"bde-heading-3017-136 bde-heading\">\n\u30aa\u30f3\u30e9\u30a4\u30f3\u3067\u30c6\u30fc\u30d6\u30eb\u3092\u4e88\u7d04\u3059\u308b\n<\/h2><div class=\"bde-code-block-3017-108 bde-code-block\">\n\n  <iframe loading=\"lazy\" src=\"https:\/\/bookings.zenchef.com\/results?rid=359831&amp;pid=1001\" frameborder=\"0\" scrolling=\"yes\" width=\"100%\" height=\"100%\" style=\"display: block; margin: 0 auto; max-width: 700px; height:900px;\"><\/iframe>\n        \n      \n\n\n<\/div>\n<\/div>\n<\/div><div class=\"bde-column-3017-218 bde-column\">\n  \n  \n\t\n\n\n\n<div class=\"bde-globalblock-3017-213 bde-globalblock\">\n<div class=\"bde-div-3108-100-3108-1 bde-div bde-div-3108-100\">\n  \n  \n\t\n\n\n\n<h2 class=\"bde-heading-3108-101-3108-1 bde-heading bde-heading-3108-101\">\n\u304a\u307e\u304b\u305b\u30e1\u30cb\u30e5\u30fc\u3092\u30d7\u30e9\u30a4\u30d9\u30fc\u30c8\u306b\u4e88\u7d04\u3059\u308b\n<\/h2><div class=\"bde-div-3108-105-3108-1 bde-div bde-div-3108-105\">\n  \n  \n\t\n\n\n\n<div class=\"bde-text-3108-104-3108-1 bde-text bde-text-3108-104\">\n\u30b7\u30a7\u30d5\u306b\u8eab\u3092\u59d4\u306d\u3001\u601d\u3044\u304c\u3051\u306a\u3044\u3072\u3068\u3068\u304d\u3092\u3054\u582a\u80fd\u304f\u3060\u3055\u3044\u3002\u30d7\u30e9\u30a4\u30d9\u30fc\u30c8\u304a\u307e\u304b\u305b\u30b3\u30fc\u30b9\u3092\u4eca\u3059\u3050\u3054\u4e88\u7d04\u304f\u3060\u3055\u3044\u3002\n<\/div><div class=\"bde-button-3108-103-3108-1 bde-button bde-button-3108-103\">\n    \n                                    \n    \n    \n    \n    \n            \n                    \n            \n            \n\n    \n    \n    \n    \n    \n    <a class=\"breakdance-link button-atom button-atom--text bde-button__button\" href=\"https:\/\/www.zenrestaurantparis.fr\/ja\/%e3%81%8a%e3%81%be%e3%81%8b%e3%81%9b\/\" target=\"_self\" data-type=\"url\"  >\n\n    \n        <span class=\"button-atom__text\">\u3082\u3063\u3068\u8a73\u3057\u304f\u77e5\u308b<\/span>\n\n        \n        \n                <\/a>\n\n    \n\n\n<\/div>\n<\/div><div class=\"bde-code-block-3108-102-3108-1 bde-code-block bde-code-block-3108-102\">\n\n  <!-- FORMULAIRE HTML -->\n <section class=\"form-section\">\n  <div class=\"overlay\"><\/div>\n\n<form id=\"reservation-form\" class=\"my-form\" method=\"POST\" action=\"\">\n  <input type=\"hidden\" name=\"omakase_form\" value=\"1\">\n\n  <!-- Nombre de couverts, Date & Heure -->\n     <div class=\"form-row\">\n  <!-- Nombre de couverts -->\n      <div class=\"form-group\" data-tooltip=\"La privatisation est possible entre 8 \u00e0 30 couverts\">\n        <select name=\"couverts\" required>\n          <option value=\"\" disabled selected>\u4eba\u6570<\/option>\n          <option value=\"8\">8<\/option>\n          <option value=\"9\">9<\/option>\n  <option value=\"10\">10<\/option>\n          <option value=\"11\">11<\/option>\n          <option value=\"12\">12<\/option>\n  <option value=\"13\">13<\/option>\n          <option value=\"14\">14<\/option>\n          <option value=\"15\">15<\/option>\n  <option value=\"16\">16<\/option>\n          <option value=\"17\">17<\/option>\n          <option value=\"18\">18<\/option>\n  <option value=\"19\">20<\/option>\n          <option value=\"21\">21<\/option>\n          <option value=\"22\">22<\/option>\n  <option value=\"23\">23<\/option>\n          <option value=\"24\">24<\/option>\n          <option value=\"25\">25<\/option>\n            <option value=\"26\">26<\/option>\n          <option value=\"27\">27<\/option>\n  <option value=\"28\">28<\/option>\n          <option value=\"29\">29<\/option>\n          <option value=\"30\">30<\/option>\n        <\/select>\n        <label>\u4eba\u6570<\/label>\n      <\/div>\n  <!-- Date -->\n    <div class=\"form-group\" data-tooltip=\"Toute privatisation doit \u00eatre r\u00e9serv\u00e9e au minimum une semaine \u00e0 l\u2019avance\">\n      <input type=\"date\" id=\"date\" name=\"date\" required>\n      <label for=\"date\">\u65e5\u4ed8<\/label>\n      <div id=\"date-error\" class=\"error-message\">\u65e5\u4ed8\u306f\u4eca\u65e5\u304b\u3089\u5c11\u306a\u304f\u3068\u3082 7 \u65e5\u5f8c\u3067\u3042\u308b\u5fc5\u8981\u304c\u3042\u308a\u307e\u3059\u3002<\/div>\n    <\/div>\n    <!-- Heure -->\n    <div class=\"form-group\" data-tooltip=\"S\u00e9lectionnez l'heure de votre r\u00e9servation, entre 19h et 20h\">\n        <select name=\"heure\" id=\"heure\" required>\n          <option value=\"\" disabled selected>\u6642\u9593\u3092\u9078\u629e\u3057\u3066\u304f\u3060\u3055\u3044<\/option>\n          <option value=\"19h\">\u5348\u5f8c7\u6642<\/option>\n          <option value=\"19h30\">\u5348\u5f8c7\u664230\u5206<\/option>\n          <option value=\"20h\">\u5348\u5f8c8\u6642<\/option>\n        <\/select>\n        <label for=\"heure\">\u6642\u9593<\/label>\n    <\/div>\n  <\/div>\n  \n  <!-- Nom Pr\u00e9nom & Email & T\u00e9l\u00e9phone -->\n    <div class=\"form-row\">\n        <!-- Nom & Pr\u00e9nom -->\n      <div class=\"form-group\" data-tooltip=\"Merci d\u2019indiquer votre nom complet\">\n        <input type=\"text\" name=\"nom_prenom\" id=\"nom_prenom\" required placeholder=\" \">\n        <label for=\"nom_prenom\">\u540d\u524d \u59d3<\/label>\n      <\/div>\n       <!-- Email -->\n      <div class=\"form-group\" data-tooltip=\"Indiquez une adresse e-mail valide\">\n        <input type=\"email\" name=\"email\" id=\"email\" required placeholder=\" \">\n        <label for=\"email\">E\u30e1\u30fc\u30eb<\/label>\n      <\/div>\n       <!-- T\u00e9l\u00e9phone -->\n      <div class=\"form-group\" data-tooltip=\"Votre num\u00e9ro de t\u00e9l\u00e9phone\">\n        <input type=\"tel\" name=\"telephone\" id=\"telephone\" required placeholder=\" \">\n        <label for=\"telephone\">\u96fb\u8a71<\/label>\n      <\/div>\n    <\/div>\n\n    <!-- Message -->\n   <label>\u30e1\u30c3\u30bb\u30fc\u30b8<\/label>\n    <div class=\"form-group\">\n      <textarea name=\"message\" id=\"message\" rows=\"4\" placeholder=\"\u30b3\u30e1\u30f3\u30c8\u3001\u597d\u307f\u3001\u98df\u4e8b\u5236\u9650\uff08\u4efb\u610f\uff09\"><\/textarea>\n    <\/div>\n\n    <!-- Checkboxes -->\n    <div class=\"checkbox-group\">\n        <!-- Acompte -->\n  <label class=\"checkbox-wrapper\">\n<input type=\"checkbox\" name=\"acompte\" value=\"oui\" required>\n  <span class=\"asterisk\"><\/span>\n  <span class=\"label-text\">\u4e88\u7d04\u3092\u78ba\u8a8d\u3059\u308b\u305f\u3081\u306b\u300130% \u306e\u30c7\u30dd\u30b8\u30c3\u30c8\u3092\u652f\u6255\u3046\u3053\u3068\u306b\u540c\u610f\u3057\u307e\u3059\u3002<\/span>\n<\/label>\n<!-- CGU -->\n      <label class=\"checkbox-wrapper\">\n  <input type=\"checkbox\" name=\"cgu\" value=\"oui\" required>\n  <span class=\"asterisk\"><\/span>\n  <span class=\"label-text\">\u79c1\u306f\u53d7\u3051\u5165\u308c\u307e\u3059 <a href=\"https:\/\/www.zenrestaurantparis.fr\/ja\/%e3%81%8a%e3%81%be%e3%81%8b%e3%81%9b%e6%b0%91%e5%96%b6%e5%8c%96%e3%83%ab%e3%83%bc%e3%83%ab\/\" target=\"_blank\" rel=\"noopener noreferrer\">\u304a\u307e\u304b\u305b\u6c11\u55b6\u5316\u306e\u30eb\u30fc\u30eb<\/a>\u3060\u3051\u3067\u306a\u304f\u3001 <a href=\"https:\/\/bookings.zenchef.com\/gtc?rid=359831&lang=fr\" target=\"_blank\" rel=\"noopener noreferrer\">\u4e00\u822c\u5229\u7528\u898f\u7d04<\/a>.<\/span>\n<\/label>\n<!-- Optin email -->\n      <label><input type=\"checkbox\" name=\"optin_email\" value=\"oui\"> \u30ec\u30b9\u30c8\u30e9\u30f3\u304b\u3089\u306e\u30aa\u30d5\u30a1\u30fc\u3084\u30cb\u30e5\u30fc\u30b9\u3092\u30e1\u30fc\u30eb\u3067\u53d7\u3051\u53d6\u308a\u305f\u3044\u3067\u3059\u3002<\/label>\n      <!-- Optin sms -->\n      <label><input type=\"checkbox\" name=\"optin_sms\" value=\"oui\"> \u30ec\u30b9\u30c8\u30e9\u30f3\u304b\u3089\u306e\u30aa\u30d5\u30a1\u30fc\u3084\u30cb\u30e5\u30fc\u30b9\u3092SMS\u3067\u53d7\u3051\u53d6\u308a\u305f\u3044\u3067\u3059\u3002<\/label>\n      <!-- Fin Etape -->  \n      <label class=\"checkbox-wrapper\">\n  <input type=\"checkbox\" name=\"acompte-24h\" value=\"oui\" required>\n  <span class=\"asterisk\"><\/span>\n  <span class=\"label-text\">\u30ea\u30af\u30a8\u30b9\u30c8\u3092\u9001\u4fe1\u3059\u308b\u3068\u78ba\u8a8d\u30e1\u30fc\u30eb\u304c\u5c4a\u304d\u307e\u3059\u3002\u30c7\u30dd\u30b8\u30c3\u30c8\u30ea\u30af\u30a8\u30b9\u30c8\u306f24\u6642\u9593\u4ee5\u5185\u306b\u304a\u652f\u6255\u3044\u3044\u305f\u3060\u304f\u5fc5\u8981\u304c\u3042\u308a\u307e\u3059\u3002<\/span>\n<\/label>\n\n    <\/div>\n\n    <button type=\"submit\">\u304a\u307e\u304b\u305b\u30e1\u30cb\u30e5\u30fc\u3092\u30d7\u30e9\u30a4\u30d9\u30fc\u30c8\u306b\u4e88\u7d04\u3059\u308b<\/button>\n  <input type=\"hidden\" name=\"trp-form-language\" value=\"ja\"\/><\/form>\n<\/section>\n    \n   \n      \n<!-- Modal de confirmation -->\n<div id=\"success-modal\" style=\"    display:none;    position: fixed;    top: 0; left: 0; right:0; bottom:0;    background: rgba(0,0,0,0.6);    z-index: 9999;    justify-content: center;    align-items: center;\">\n    <div style=\"        background: white;        padding: 20px 30px;        border-radius: 8px;        max-width: 600px;        text-align: center;        position: relative;    \">\n        <span id=\"modal-close\" style=\"            position: absolute;            top: 10px; right: 15px;            cursor: pointer;            font-weight: bold;            font-size: 18px;        \">\u00d7<\/span>\n        <p id=\"modal-text\"><\/p>\n        <button id=\"modal-button\">\u5206\u304b\u308a\u307e\u3057\u305f\u3001\u8fd1\u3044\u3067\u3059\u3002<\/button>\n    <\/div>\n<\/div>\n\n<script>\n(function() {\n    const modal = document.getElementById('success-modal');\n    const modalText = document.getElementById('modal-text');\n    const modalButton = document.getElementById('modal-button');\n    const modalClose = document.getElementById('modal-close');\n    if (!modal || !modalText || !modalButton || !modalClose) return;\n\n    \/\/ R\u00e9cup\u00e8re le param\u00e8tre success\n    const params = new URLSearchParams(window.location.search);\n    const success = params.get('success');\n\n    if (success === '1') {\n      modalText.innerHTML = `Merci ! Votre demande de privatisation Omakase <strong>a bien \u00e9t\u00e9 envoy\u00e9e<\/strong>.<br><\/br>Si elle est accept\u00e9e, vous recevrez tr\u00e8s prochainement <strong>un e-mail de confirmation, accompagn\u00e9 de la demande d\u2019un acompte de 30\u202f%, \u00e0 r\u00e9gler dans les 24h<\/strong> pour finaliser la r\u00e9servation.<br><\/br>\u00c0 tr\u00e8s bient\u00f4t !`;\n        modal.style.display = 'flex';\n    } else if (success === '0') {\n        modalText.textContent = \"Une erreur est survenue lors de l'envoi du formulaire. Veuillez r\u00e9essayer.\";\n        modal.style.display = 'flex';\n    }\n\n    \/\/ Fermeture du modal\n    function closeModal() {\n        modal.style.display = 'none';\n        params.delete('success');\n        const url = new URL(window.location);\n        url.searchParams.delete('success');\n        window.history.replaceState({}, document.title, url.toString());\n    }\n\n    modalClose.addEventListener('click', closeModal);\n    modalButton.addEventListener('click', closeModal);\n})();\n<\/script>\n\n\n<\/div>\n<\/div>\n<\/div>\n<\/div><\/div><div class=\"bde-div-3017-114 bde-div\">\n  \n  \n\t\n\n\n\n<img decoding=\"async\" class=\"bde-image2-3017-115 bde-image2\" src=\"https:\/\/zenrestaurantparis.fr\/wp-content\/uploads\/2025\/03\/fancy_separator_3.png\" alt=\"\u30d5\u30a1\u30f3\u30b7\u30fc\u30bb\u30d1\u30ec\u30fc\u30bf\u30fc3\" loading=\"lazy\" srcset=\"https:\/\/zenrestaurantparis.fr\/wp-content\/uploads\/2025\/03\/fancy_separator_3.png 1920w, https:\/\/zenrestaurantparis.fr\/wp-content\/uploads\/2025\/03\/fancy_separator_3-300x109.png 300w, https:\/\/zenrestaurantparis.fr\/wp-content\/uploads\/2025\/03\/fancy_separator_3-1024x372.png 1024w, https:\/\/zenrestaurantparis.fr\/wp-content\/uploads\/2025\/03\/fancy_separator_3-768x279.png 768w, https:\/\/zenrestaurantparis.fr\/wp-content\/uploads\/2025\/03\/fancy_separator_3-1536x558.png 1536w\" sizes=\"(max-width: 1920px) 100vw, 1920px\" data-parallax=\"true\">\n<\/div><\/div>\n<\/section>","protected":false},"excerpt":{"rendered":"<p>\u30aa\u30f3\u30e9\u30a4\u30f3\u3067\u30c6\u30fc\u30d6\u30eb\u3092\u3054\u4e88\u7d04\u304f\u3060\u3055\u3044\u3002\u30d7\u30e9\u30a4\u30d9\u30fc\u30c8\u306a\u30aa\u30de\u30ab\u30bb\u4f53\u9a13\u3092\u304a\u697d\u3057\u307f\u304f\u3060\u3055\u3044\u3002\u30b7\u30a7\u30d5\u306b\u304a\u4efb\u305b\u3057\u3066\u3001\u4e88\u60f3\u5916\u306e\u5473\u3092\u3054\u582a\u80fd\u304f\u3060\u3055\u3044\u3002\u4eca\u3059\u3050\u30d7\u30e9\u30a4\u30d9\u30fc\u30c8\u30aa\u30de\u30ab\u30bb\u3092\u3054\u4e88\u7d04\u304f\u3060\u3055\u3044\u3002\u8a73\u7d30\u306f\u3053\u3061\u3089\u3002\u4eba\u6570\uff1a8 9 10 11 12 13 14 15 16 17 18 20 21 22 23 24 25 26 27 28 29 30\u3002\u4eba\u6570\uff1a\u65e5\u4ed8\uff1a\u65e5\u4ed8\u306f\u672c\u65e5\u3088\u308a7\u65e5\u4ee5\u4e0a\u5f8c\u3067\u3042\u308b\u5fc5\u8981\u304c\u3042\u308a\u307e\u3059\u3002\u6642\u9593\u3092\u9078\u629e\u3057\u3066\u304f\u3060\u3055\u3044\uff1a\u5348\u5f8c7\u6642 \u5348\u5f8c7\u664230\u5206 \u5348\u5f8c8\u6642\u3002\u6642\u9593\uff1a\u59d3 \u540d \u30e1\u30fc\u30eb\u30a2\u30c9\u30ec\u30b9 \u96fb\u8a71\u756a\u53f7 \u30e1\u30c3\u30bb\u30fc\u30b8 \u4e88\u7d04\u3092\u78ba\u5b9a\u3059\u308b\u305f\u3081\u306b30%\u306e\u30c7\u30dd\u30b8\u30c3\u30c8\u3092\u652f\u6255\u3046\u3053\u3068\u306b\u540c\u610f\u3057\u307e\u3059\u3002\u30aa\u30de\u30ab\u30bb\u30d7\u30e9\u30a4\u30d9\u30fc\u30c8\u30c0\u30a4\u30cb\u30f3\u30b0\u306e\u30eb\u30fc\u30eb\u3068\u4e00\u822c\u5229\u7528\u898f\u7d04\u306b\u540c\u610f\u3057\u307e\u3059\u3002\u30ec\u30b9\u30c8\u30e9\u30f3\u304b\u3089\u306e\u30aa\u30d5\u30a1\u30fc\u3084\u30cb\u30e5\u30fc\u30b9\u3092\u53d7\u3051\u53d6\u308a\u305f\u3044\u3067\u3059 [\u2026]<\/p>","protected":false},"author":4,"featured_media":0,"parent":0,"menu_order":10,"comment_status":"closed","ping_status":"closed","template":"","meta":{"inline_featured_image":false,"slim_seo":{"title":"ZEN | \u5c45\u9152\u5c4b\u306e\u3054\u4e88\u7d04\u306f\u3053\u3061\u3089","description":"Zen Restaurant\u306e\u3054\u4e88\u7d04\u306f\u3001\u308f\u305a\u304b\u6570\u30af\u30ea\u30c3\u30af\u3067\u3002\u30d1\u30ea\u3067\u672c\u683c\u65e5\u672c\u6599\u7406\u3092\u3054\u582a\u80fd\u304f\u3060\u3055\u3044\u3002\u6bce\u65e512:00\uff5e14:30\u300119:00\uff5e22:30\u307e\u3067\u55b6\u696d\u3002\u30e9\u30f3\u30c1\u30bf\u30a4\u30e0\u306e\u3054\u4e88\u7d04\u306f\u627f\u3063\u3066\u304a\u308a\u307e\u305b\u3093\u3002"},"_breakdance_hide_in_design_set":false,"_breakdance_tags":"","footnotes":""},"class_list":["post-3017","page","type-page","status-publish","hentry"],"_links":{"self":[{"href":"https:\/\/www.zenrestaurantparis.fr\/ja\/wp-json\/wp\/v2\/pages\/3017","targetHints":{"allow":["GET"]}}],"collection":[{"href":"https:\/\/www.zenrestaurantparis.fr\/ja\/wp-json\/wp\/v2\/pages"}],"about":[{"href":"https:\/\/www.zenrestaurantparis.fr\/ja\/wp-json\/wp\/v2\/types\/page"}],"author":[{"embeddable":true,"href":"https:\/\/www.zenrestaurantparis.fr\/ja\/wp-json\/wp\/v2\/users\/4"}],"replies":[{"embeddable":true,"href":"https:\/\/www.zenrestaurantparis.fr\/ja\/wp-json\/wp\/v2\/comments?post=3017"}],"version-history":[{"count":0,"href":"https:\/\/www.zenrestaurantparis.fr\/ja\/wp-json\/wp\/v2\/pages\/3017\/revisions"}],"wp:attachment":[{"href":"https:\/\/www.zenrestaurantparis.fr\/ja\/wp-json\/wp\/v2\/media?parent=3017"}],"curies":[{"name":"wp","href":"https:\/\/api.w.org\/{rel}","templated":true}]}}